{"id":8705,"date":"2022-03-24T15:57:31","date_gmt":"2022-03-24T20:57:31","guid":{"rendered":"https:\/\/antonioromoleroux.com\/?page_id=8705"},"modified":"2025-03-16T16:53:57","modified_gmt":"2025-03-16T21:53:57","slug":"espanol-webs-enlaces","status":"publish","type":"page","link":"https:\/\/antonioromoleroux.com\/es\/espanol-webs-enlaces\/","title":{"rendered":"Enlaces"},"content":{"rendered":"<p><a href=\"https:\/\/recursos.educacion.gob.ec\/red\/galeria-virtual-antonio-romoleroux-amazonia-reserva-mundial-de-la-biosfera\/\">Ministerio de Educaci\u00f3n &#8211; Antonio Romoleroux: Amazon\u00eda<\/a><\/p>\n<p><a href=\"https:\/\/es.wikipedia.org\/wiki\/Antonio_Romoleroux\">Wikipedia &#8211; Antonio Romoleroux<\/a><\/p>\n<p><a href=\"http:\/\/sipce.patrimoniocultural.gob.ec:8080\/IBPWeb\/paginas\/busquedaBienes\/busquedaPrincipal.jsf;jsessionid=AjIaFWFlIkGRg1xG19IGAcww.undefined\">\u00abNatem\u00bb Patrimonio Cultural del Ecuador, INPC<\/a><\/p>\n<p><a href=\"https:\/\/youtu.be\/WqemA5sGJr4?si=854vRo5bX22_2jgs\" rel=\"noopener\" target=\"_blank\">Entrevista con Antonio Romoleroux, artista visual, UDUALC TV<\/a><\/p>\n<p><a href=\"https:\/\/artescena.de\/es\/2021\/11\/04\/antonio-romoleroux-2\/\">Antonio Romoleroux El mensaje de las modelos a la humanidad, Kunstraum artescena, Leipzig, Alemania<\/a><\/p>\n<p><a href=\"https:\/\/revistamundodiners.com\/mundo-diners-plus\/antonio-romoleroux\/\">Pintura, grabado y escultura, mundos de Antonio Romoleroux, Revista Mundo Diners<\/a><\/p>\n<p><a href=\"https:\/\/www.youtube.com\/watch?v=1Q3TZL2uyZo\">Exposici\u00f3n \u201cAmazon\u00eda, reserva mundial de la Biosfera\u201d de Antonio Romoleroux, IAEN<\/a><\/p>\n<p><a href=\"https:\/\/periodismopublicoec.com\/2020\/11\/12\/exposicion-cce-antonio-romoleroux\/\">El artista Antonio Romoleroux expone en la CCE<\/a><\/p>\n<p><a href=\"https:\/\/www.youtube.com\/watch?v=oHtbXnG8bh8\">Antonio Romoleroux | Artista Pl\u00e1stico Ecuatoriano | Tullpukuna<\/a><\/p>\n<p><a href=\"http:\/\/biblioteca.udet.edu.ec\/cgi-bin\/koha\/opac-detail.pl?biblionumber=6099\">El artista pl\u00e1stico Antonio Romoleroux recibi\u00f3 la condecoraci\u00f3n Dr. Vicente Rocafuerte en la Asamblea<\/a><\/p>\n<p><a href=\"https:\/\/www.eltelegrafo.com.ec\/noticias\/cultura\/10\/el-artista-plastico-antonio-romoleroux-recibio-la-condecoracion-vicente-rocafuerte-en-la-asamblea\">Antonio Romoleroux recibi\u00f3 la Condecoraci\u00f3n Vicente Rocafuerte en la Asamblea Nacional<\/a><\/p>\n<p><a href=\"https:\/\/www.flacsoandes.edu.ec\/buscador\/Author\/Home?author=Romoleroux%2C+Antonio&#038;\">Antonio Romoleroux, Flacso Andes<\/a><\/p>\n<p><a href=\"https:\/\/www.youtube.com\/watch?v=9KzF7rpHMHo&#038;t=274s\">Maestro Antonio Romoleroux &#8211; Referente del Arte Visual contempor\u00e1neo del Ecuador | NOTICIERO HORA 18<\/a><\/p>\n<p><a href=\"https:\/\/www.youtube.com\/watch?v=N0RQEUIaGFc&#038;t=541s\">Antonio Romoleroux, entrevista con Paty Ter\u00e1n, radio Platinum, 02 de enero de 2021<\/a><\/p>\n<p><a href=\"https:\/\/www.youtube.com\/watch?v=CZZ8KkHZgok&#038;t=86s\">Entrevista con Antonio Romoleroux, UDUAL TV<\/a><\/p>\n<p><a href=\"https:\/\/revistas.iaen.edu.ec\/index.php\/estado_comunes\/article\/view\/155\">El poder para transformar el mundo IAEN<\/a><\/p>\n<p><a href=\"https:\/\/www.youtube.com\/watch?v=NtS8b3D52ic&#038;t=121s\">Antonio Romoleroux Exposici\u00f3n Antol\u00f3gica 1987-2018 Centro Cultural PUCE<\/a><\/p>\n<p><a href=\"https:\/\/www.youtube.com\/watch?v=NgsNkrzEc34&#038;t=107s\">Antonio Romoleroux ANTOLOG\u00cdA<\/a><\/p>\n<p><a href=\"https:\/\/www.lahora.com.ec\/revistas-y-suplementos\/antonio-romoleroux-celebra-30-anos-de-carrera-con-muestra-antologica\/\">Antonio Romoleroux celebra 30 a\u00f1os de carrera con muestra antol\u00f3gica, LA HORA<\/a><\/p>\n<p><a href=\"https:\/\/www.youtube.com\/watch?v=qXr6lO7AYjU&#038;t=6s\">Antonio Romoleroux Artista Contempor\u00e1neo Ecuatoriano, Centro Cultural PUCE<\/a><\/p>\n<p><a href=\"https:\/\/edipuce.edu.ec\/antonio-romoleroux\/\">Antonio Romoleroux, Centro de publicaciones PUCE<\/a><\/p>\n<p><a href=\"https:\/\/youtu.be\/ZjcId_RM2-c\">Antonio Romoleroux, perfil humano, Facultad de Comunicaci\u00f3n Social, Universidad Central<\/a><\/p>\n<p><a href=\"https:\/\/galeriaartevivo.es\/artista\/antonio-romoleroux-\/81\">Galer\u00eda Arte Vivo Antonio Romoleroux<\/a> <\/p>\n<p><a href=\"https:\/\/www.youtube.com\/watch?v=KMXdMnRQAd4&#038;t=35s\">El yo consciente de Antonio Romoleroux video promocional<\/a><\/p>\n<p><a href=\"https:\/\/www.youtube.com\/watch?v=4YCNLDw5uxo&#038;t=31s\">El yo consciente por Antonio Romoleroux<\/a><\/p>\n<p><a href=\"https:\/\/www.youtube.com\/watch?v=qxjdPO3B3m4&#038;t=71s\">El Yo consciente de Antonio Romoleroux<\/a><\/p>\n<p><a href=\"https:\/\/www.youtube.com\/watch?v=b2YMSZOCuRM\">HIja de Lilith exposici\u00f3n de Antonio Romoleroux<\/a><\/p>\n<p><a href=\"https:\/\/www.ultimahora.com\/el-pintor-ecuatoriano-romoleroux-vuelve-al-desnudo-rescatar-la-esencia-del-dibujo-n741266.html\">El pintor ecuatoriano Romoleroux vuelve al desnudo para rescatar la esencia del dibujo EFE<\/a><\/p>\n<p><a href=\"https:\/\/www.sarapa.com\/project\/mi-esencia-en-tus-sentidos-antonio-romoleroux\/\">Mi esencia en tus sentidos, Antonio Romoleroux, Galer\u00eda Sara Palacios<\/a><\/p>\n<p><a href=\"https:\/\/www.youtube.com\/watch?v=qOP9pjXahD8\">Mi esencia en tus sentidos de Antonio Romoleroux<\/a><\/p>\n<p><\/p>","protected":false},"excerpt":{"rendered":"<p>Ministerio de Educaci\u00f3n &#8211; Antonio Romoleroux: Amazon\u00eda Wikipedia &#8211; Antonio Romoleroux \u00abNatem\u00bb Patrimonio Cultural del Ecuador, INPC Entrevista con Antonio Romoleroux, artista visual, UDUALC TV Antonio Romoleroux El mensaje de las modelos a la humanidad, Kunstraum artescena, Leipzig, Alemania Pintura, grabado y escultura, mundos de Antonio Romoleroux, Revista Mundo Diners Exposici\u00f3n \u201cAmazon\u00eda, reserva mundial de &hellip; <a href=\"https:\/\/antonioromoleroux.com\/es\/espanol-webs-enlaces\/\" class=\"more-link\">Seguir leyendo <span class=\"screen-reader-text\">Enlaces<\/span> <span class=\"meta-nav\">&rarr;<\/span><\/a><\/p>\n","protected":false},"author":2,"featured_media":0,"parent":0,"menu_order":9,"comment_status":"closed","ping_status":"closed","template":"","meta":{"ngg_post_thumbnail":0,"footnotes":""},"class_list":["post-8705","page","type-page","status-publish","hentry"],"_links":{"self":[{"href":"https:\/\/antonioromoleroux.com\/es\/wp-json\/wp\/v2\/pages\/8705","targetHints":{"allow":["GET"]}}],"collection":[{"href":"https:\/\/antonioromoleroux.com\/es\/wp-json\/wp\/v2\/pages"}],"about":[{"href":"https:\/\/antonioromoleroux.com\/es\/wp-json\/wp\/v2\/types\/page"}],"author":[{"embeddable":true,"href":"https:\/\/antonioromoleroux.com\/es\/wp-json\/wp\/v2\/users\/2"}],"replies":[{"embeddable":true,"href":"https:\/\/antonioromoleroux.com\/es\/wp-json\/wp\/v2\/comments?post=8705"}],"version-history":[{"count":130,"href":"https:\/\/antonioromoleroux.com\/es\/wp-json\/wp\/v2\/pages\/8705\/revisions"}],"predecessor-version":[{"id":10786,"href":"https:\/\/antonioromoleroux.com\/es\/wp-json\/wp\/v2\/pages\/8705\/revisions\/10786"}],"wp:attachment":[{"href":"https:\/\/antonioromoleroux.com\/es\/wp-json\/wp\/v2\/media?parent=8705"}],"curies":[{"name":"wp","href":"https:\/\/api.w.org\/{rel}","templated":true}]}}