{"id":107,"date":"2012-06-27T13:57:03","date_gmt":"2012-06-27T18:57:03","guid":{"rendered":"https:\/\/antonioromoleroux.com\/?page_id=107"},"modified":"2026-03-17T16:58:39","modified_gmt":"2026-03-17T21:58:39","slug":"piel-de-selva","status":"publish","type":"page","link":"https:\/\/antonioromoleroux.com\/es\/piel-de-selva\/","title":{"rendered":"Piel de selva"},"content":{"rendered":"<p>Actualmente la relaci\u00f3n arte y naturaleza es importante para la supervivencia del planeta, el ser humano forma parte de la naturaleza, en ese sentido, la supervivencia de los seres humanos, su salud f\u00edsica, mental y emocional depende de la responsabilidad con la que se relacionen con el medioambiente; debido a esto, esta serie re\u00fane retratos realizados en pintura con \u00f3leo sobre lienzo, y dibujo, en mediano y gran formato, con el objetivo de concientizar sobre la importancia de la conservaci\u00f3n de la biodiversidad de las selvas, de la vida de los seres que las habitan, as\u00ed como de la vida de todos los seres vivos del planeta, en el contexto del arte contempor\u00e1neo.<\/p>\n<p><a href=\"https:\/\/antonioromoleroux.com\/wp-content\/uploads\/2022\/04\/Ni\u00f1o-huaorani-cubista-\u00f3leo-sobre-tela-95-x-70-cm..jpg\"><img loading=\"lazy\" decoding=\"async\" src=\"https:\/\/antonioromoleroux.com\/wp-content\/uploads\/2022\/04\/Ni\u00f1o-huaorani-cubista-\u00f3leo-sobre-tela-95-x-70-cm.-773x1024.jpg\" alt=\"\" width=\"584\" height=\"774\" class=\"aligncenter size-large wp-image-8825\" srcset=\"https:\/\/antonioromoleroux.com\/wp-content\/uploads\/2022\/04\/Ni\u00f1o-huaorani-cubista-\u00f3leo-sobre-tela-95-x-70-cm.-773x1024.jpg 773w, https:\/\/antonioromoleroux.com\/wp-content\/uploads\/2022\/04\/Ni\u00f1o-huaorani-cubista-\u00f3leo-sobre-tela-95-x-70-cm.-226x300.jpg 226w, https:\/\/antonioromoleroux.com\/wp-content\/uploads\/2022\/04\/Ni\u00f1o-huaorani-cubista-\u00f3leo-sobre-tela-95-x-70-cm.-768x1018.jpg 768w\" sizes=\"auto, (max-width: 584px) 100vw, 584px\" \/><\/a><br \/>\n\u00abNi\u00f1o Huaorani cubista\u00bb, \u00f3leo sobre lienzo, 95 x 70 cm. 2005<\/p>\n<p><a rel=\"license\" href=\"http:\/\/creativecommons.org\/licenses\/by-sa\/4.0\/\"><img decoding=\"async\" alt=\"Licencia de Creative Commons\" style=\"border-width:0\" src=\"https:\/\/i.creativecommons.org\/l\/by-sa\/4.0\/88x31.png\" \/><\/a><br \/><span xmlns:dct=\"http:\/\/purl.org\/dc\/terms\/\" href=\"http:\/\/purl.org\/dc\/dcmitype\/StillImage\" property=\"dct:title\" rel=\"dct:type\">Foto obra: Ni\u00f1o huaorani cubista, Piel de selva, \u00f3leo sobre tela, 95 x 70 cm.<\/span> by <a xmlns:cc=\"http:\/\/creativecommons.org\/ns#\" href=\"https:\/\/antonioromoleroux.com\/es\/piel-de-selva\/\" property=\"cc:attributionName\" rel=\"cc:attributionURL\">Antonio Romoleroux<\/a> is licensed under a <a rel=\"license\" href=\"http:\/\/creativecommons.org\/licenses\/by-sa\/4.0\/\">Creative Commons Reconocimiento-CompartirIgual 4.0 Internacional License<\/a>.<br \/>Creado a partir de la obra en <a xmlns:dct=\"http:\/\/purl.org\/dc\/terms\/\" href=\"https:\/\/antonioromoleroux.com\/es\/piel-de-selva\/\" rel=\"dct:source\">https:\/\/antonioromoleroux.com\/es\/piel-de-selva\/<\/a>.<\/p>\n<p><a href=\"https:\/\/antonioromoleroux.com\/wp-content\/uploads\/2022\/04\/Ni\u00f1o-huaorani-cubista-\u00f3leo-sobre-tela-95-x-70-cm.-detalle3.jpg\"><img loading=\"lazy\" decoding=\"async\" src=\"https:\/\/antonioromoleroux.com\/wp-content\/uploads\/2022\/04\/Ni\u00f1o-huaorani-cubista-\u00f3leo-sobre-tela-95-x-70-cm.-detalle3-1008x1024.jpg\" alt=\"\" width=\"584\" height=\"593\" class=\"aligncenter size-large wp-image-8823\" srcset=\"https:\/\/antonioromoleroux.com\/wp-content\/uploads\/2022\/04\/Ni\u00f1o-huaorani-cubista-\u00f3leo-sobre-tela-95-x-70-cm.-detalle3-1008x1024.jpg 1008w, https:\/\/antonioromoleroux.com\/wp-content\/uploads\/2022\/04\/Ni\u00f1o-huaorani-cubista-\u00f3leo-sobre-tela-95-x-70-cm.-detalle3-295x300.jpg 295w, https:\/\/antonioromoleroux.com\/wp-content\/uploads\/2022\/04\/Ni\u00f1o-huaorani-cubista-\u00f3leo-sobre-tela-95-x-70-cm.-detalle3-768x780.jpg 768w, https:\/\/antonioromoleroux.com\/wp-content\/uploads\/2022\/04\/Ni\u00f1o-huaorani-cubista-\u00f3leo-sobre-tela-95-x-70-cm.-detalle3.jpg 1069w\" sizes=\"auto, (max-width: 584px) 100vw, 584px\" \/><\/a><br \/>\n\u00abNi\u00f1o Huaorani cubista\u00bb Detalle<\/p>\n<p><a href=\"https:\/\/antonioromoleroux.com\/wp-content\/uploads\/2022\/04\/Ni\u00f1o-huaorani-cubista-\u00f3leo-sobre-tela-95-x-70-cm.-detalle2.jpg\"><img loading=\"lazy\" decoding=\"async\" src=\"https:\/\/antonioromoleroux.com\/wp-content\/uploads\/2022\/04\/Ni\u00f1o-huaorani-cubista-\u00f3leo-sobre-tela-95-x-70-cm.-detalle2.jpg\" alt=\"\" width=\"1021\" height=\"1001\" class=\"aligncenter size-full wp-image-8829\" srcset=\"https:\/\/antonioromoleroux.com\/wp-content\/uploads\/2022\/04\/Ni\u00f1o-huaorani-cubista-\u00f3leo-sobre-tela-95-x-70-cm.-detalle2.jpg 1021w, https:\/\/antonioromoleroux.com\/wp-content\/uploads\/2022\/04\/Ni\u00f1o-huaorani-cubista-\u00f3leo-sobre-tela-95-x-70-cm.-detalle2-300x294.jpg 300w, https:\/\/antonioromoleroux.com\/wp-content\/uploads\/2022\/04\/Ni\u00f1o-huaorani-cubista-\u00f3leo-sobre-tela-95-x-70-cm.-detalle2-768x753.jpg 768w, https:\/\/antonioromoleroux.com\/wp-content\/uploads\/2022\/04\/Ni\u00f1o-huaorani-cubista-\u00f3leo-sobre-tela-95-x-70-cm.-detalle2-306x300.jpg 306w\" sizes=\"auto, (max-width: 1021px) 100vw, 1021px\" \/><\/a><br \/>\n\u00abNi\u00f1o Huaorani cubista\u00bb Detalle<\/p>\n<p><a href=\"https:\/\/antonioromoleroux.com\/wp-content\/uploads\/2025\/11\/el-self-web-scaled.jpg\"><img loading=\"lazy\" decoding=\"async\" src=\"https:\/\/antonioromoleroux.com\/wp-content\/uploads\/2025\/11\/el-self-web-1024x734.jpg\" alt=\"\" width=\"604\" height=\"433\" class=\"aligncenter size-large wp-image-11186\" srcset=\"https:\/\/antonioromoleroux.com\/wp-content\/uploads\/2025\/11\/el-self-web-1024x734.jpg 1024w, https:\/\/antonioromoleroux.com\/wp-content\/uploads\/2025\/11\/el-self-web-300x215.jpg 300w, https:\/\/antonioromoleroux.com\/wp-content\/uploads\/2025\/11\/el-self-web-768x550.jpg 768w, https:\/\/antonioromoleroux.com\/wp-content\/uploads\/2025\/11\/el-self-web-1536x1100.jpg 1536w, https:\/\/antonioromoleroux.com\/wp-content\/uploads\/2025\/11\/el-self-web-2048x1467.jpg 2048w\" sizes=\"auto, (max-width: 604px) 100vw, 604px\" \/><\/a><br \/>\n\u201cEl Self (s\u00edmismo)\u201d, grafito sobre cartulina, 42&#215;30 cm. 2025<\/p>\n<p><a href=\"https:\/\/antonioromoleroux.com\/wp-content\/uploads\/2022\/04\/Yaku-\u00f3leo-sobre-tela-70x90-cm..jpg\"><img loading=\"lazy\" decoding=\"async\" src=\"https:\/\/antonioromoleroux.com\/wp-content\/uploads\/2022\/04\/Yaku-\u00f3leo-sobre-tela-70x90-cm.-1024x783.jpg\" alt=\"\" width=\"584\" height=\"447\" class=\"aligncenter size-large wp-image-8950\" srcset=\"https:\/\/antonioromoleroux.com\/wp-content\/uploads\/2022\/04\/Yaku-\u00f3leo-sobre-tela-70x90-cm.-1024x783.jpg 1024w, https:\/\/antonioromoleroux.com\/wp-content\/uploads\/2022\/04\/Yaku-\u00f3leo-sobre-tela-70x90-cm.-300x229.jpg 300w, https:\/\/antonioromoleroux.com\/wp-content\/uploads\/2022\/04\/Yaku-\u00f3leo-sobre-tela-70x90-cm.-768x587.jpg 768w, https:\/\/antonioromoleroux.com\/wp-content\/uploads\/2022\/04\/Yaku-\u00f3leo-sobre-tela-70x90-cm.-392x300.jpg 392w\" sizes=\"auto, (max-width: 584px) 100vw, 584px\" \/><\/a><br \/>\n\u00abYaku\u00bb \u00f3leo sobre lienzo, 90&#215;70 cm. 2010<\/p>\n<p><a href=\"https:\/\/antonioromoleroux.com\/wp-content\/uploads\/2012\/06\/cuerpo-mente-espiritu-jpg.jpg\"><img loading=\"lazy\" decoding=\"async\" src=\"https:\/\/antonioromoleroux.com\/wp-content\/uploads\/2012\/06\/cuerpo-mente-espiritu-jpg-438x1024.jpg\" alt=\"cuerpo mente espiritu jpg\" width=\"438\" height=\"1024\" class=\"aligncenter size-large wp-image-347\" srcset=\"https:\/\/antonioromoleroux.com\/wp-content\/uploads\/2012\/06\/cuerpo-mente-espiritu-jpg-438x1024.jpg 438w, https:\/\/antonioromoleroux.com\/wp-content\/uploads\/2012\/06\/cuerpo-mente-espiritu-jpg-128x300.jpg 128w, https:\/\/antonioromoleroux.com\/wp-content\/uploads\/2012\/06\/cuerpo-mente-espiritu-jpg.jpg 1432w\" sizes=\"auto, (max-width: 438px) 100vw, 438px\" \/><\/a> \u00abCuerpo, mente, espiritu\u00bb, \u00f3leo sobre lienzo, 140 x 90 cm. 2003<\/p>\n<p><a href=\"https:\/\/antonioromoleroux.com\/wp-content\/uploads\/2012\/06\/Despierta-ADN-\u00f3leo-sobre-tela-140x180-cm.1.jpg\"><img loading=\"lazy\" decoding=\"async\" src=\"https:\/\/antonioromoleroux.com\/wp-content\/uploads\/2012\/06\/Despierta-ADN-\u00f3leo-sobre-tela-140x180-cm.1.jpg\" alt=\"Despierta ADN, \u00f3leo sobre tela, 140x180 cm.\" width=\"1264\" height=\"979\" class=\"aligncenter size-full wp-image-115\" srcset=\"https:\/\/antonioromoleroux.com\/wp-content\/uploads\/2012\/06\/Despierta-ADN-\u00f3leo-sobre-tela-140x180-cm.1.jpg 1264w, https:\/\/antonioromoleroux.com\/wp-content\/uploads\/2012\/06\/Despierta-ADN-\u00f3leo-sobre-tela-140x180-cm.1-300x232.jpg 300w, https:\/\/antonioromoleroux.com\/wp-content\/uploads\/2012\/06\/Despierta-ADN-\u00f3leo-sobre-tela-140x180-cm.1-1024x793.jpg 1024w\" sizes=\"auto, (max-width: 1264px) 100vw, 1264px\" \/><\/a>\u00bb Despierta ADN\u00bb, \u00f3leo sobre tela, 140&#215;180 cm. 2000<br \/>\nOverall Rank 1, International Art contest, Talentila Foundation, Hisar, India, 2024<\/p>\n<p> <a href=\"https:\/\/antonioromoleroux.com\/wp-content\/uploads\/2022\/04\/parada-cruzada-las-manos.jpg\"><img loading=\"lazy\" decoding=\"async\" src=\"https:\/\/antonioromoleroux.com\/wp-content\/uploads\/2022\/04\/parada-cruzada-las-manos-723x1024.jpg\" alt=\"\" width=\"584\" height=\"827\" class=\"aligncenter size-large wp-image-8910\" srcset=\"https:\/\/antonioromoleroux.com\/wp-content\/uploads\/2022\/04\/parada-cruzada-las-manos-723x1024.jpg 723w, https:\/\/antonioromoleroux.com\/wp-content\/uploads\/2022\/04\/parada-cruzada-las-manos-212x300.jpg 212w, https:\/\/antonioromoleroux.com\/wp-content\/uploads\/2022\/04\/parada-cruzada-las-manos-768x1087.jpg 768w\" sizes=\"auto, (max-width: 584px) 100vw, 584px\" \/><\/a><br \/>\n\u00abPiel de selva\u00bb grafito sobre canso, 42&#215;30 cm. 2013<\/p>\n<p><a href=\"https:\/\/antonioromoleroux.com\/wp-content\/uploads\/2022\/04\/arrodillada.jpg\"><img loading=\"lazy\" decoding=\"async\" src=\"https:\/\/antonioromoleroux.com\/wp-content\/uploads\/2022\/04\/arrodillada-690x1024.jpg\" alt=\"\" width=\"584\" height=\"867\" class=\"aligncenter size-large wp-image-8912\" srcset=\"https:\/\/antonioromoleroux.com\/wp-content\/uploads\/2022\/04\/arrodillada-690x1024.jpg 690w, https:\/\/antonioromoleroux.com\/wp-content\/uploads\/2022\/04\/arrodillada-202x300.jpg 202w, https:\/\/antonioromoleroux.com\/wp-content\/uploads\/2022\/04\/arrodillada-768x1141.jpg 768w\" sizes=\"auto, (max-width: 584px) 100vw, 584px\" \/><\/a><br \/>\n\u00abPiel de selva\u00bb grafito sobre Canson, 42&#215;30 cm. 2013<\/p>\n<p><a href=\"https:\/\/antonioromoleroux.com\/wp-content\/uploads\/2022\/04\/parada-cruzada-las-piernas.jpg\"><img loading=\"lazy\" decoding=\"async\" src=\"https:\/\/antonioromoleroux.com\/wp-content\/uploads\/2022\/04\/parada-cruzada-las-piernas-723x1024.jpg\" alt=\"\" width=\"584\" height=\"827\" class=\"aligncenter size-large wp-image-8914\" srcset=\"https:\/\/antonioromoleroux.com\/wp-content\/uploads\/2022\/04\/parada-cruzada-las-piernas-723x1024.jpg 723w, https:\/\/antonioromoleroux.com\/wp-content\/uploads\/2022\/04\/parada-cruzada-las-piernas-212x300.jpg 212w, https:\/\/antonioromoleroux.com\/wp-content\/uploads\/2022\/04\/parada-cruzada-las-piernas-768x1087.jpg 768w\" sizes=\"auto, (max-width: 584px) 100vw, 584px\" \/><\/a><br \/>\n \u00abPiel de selva\u00bb grafito sobre Canson, 42&#215;30 cm. 2013<\/p>\n<p><a href=\"https:\/\/antonioromoleroux.com\/wp-content\/uploads\/2022\/04\/arrodillada-ojos-abiertos.jpg\"><img loading=\"lazy\" decoding=\"async\" src=\"https:\/\/antonioromoleroux.com\/wp-content\/uploads\/2022\/04\/arrodillada-ojos-abiertos-729x1024.jpg\" alt=\"\" width=\"584\" height=\"820\" class=\"aligncenter size-large wp-image-8915\" srcset=\"https:\/\/antonioromoleroux.com\/wp-content\/uploads\/2022\/04\/arrodillada-ojos-abiertos-729x1024.jpg 729w, https:\/\/antonioromoleroux.com\/wp-content\/uploads\/2022\/04\/arrodillada-ojos-abiertos-213x300.jpg 213w, https:\/\/antonioromoleroux.com\/wp-content\/uploads\/2022\/04\/arrodillada-ojos-abiertos-768x1079.jpg 768w\" sizes=\"auto, (max-width: 584px) 100vw, 584px\" \/><\/a><br \/>\n\u00abPiel de selva\u00bb grafito sobre Canson, 42&#215;30 cm. 2013<\/p>\n<p><a href=\"https:\/\/antonioromoleroux.com\/wp-content\/uploads\/2022\/04\/parada-pierna-atras.jpg\"><img loading=\"lazy\" decoding=\"async\" src=\"https:\/\/antonioromoleroux.com\/wp-content\/uploads\/2022\/04\/parada-pierna-atras-723x1024.jpg\" alt=\"\" width=\"584\" height=\"827\" class=\"aligncenter size-large wp-image-8916\" srcset=\"https:\/\/antonioromoleroux.com\/wp-content\/uploads\/2022\/04\/parada-pierna-atras-723x1024.jpg 723w, https:\/\/antonioromoleroux.com\/wp-content\/uploads\/2022\/04\/parada-pierna-atras-212x300.jpg 212w, https:\/\/antonioromoleroux.com\/wp-content\/uploads\/2022\/04\/parada-pierna-atras-768x1087.jpg 768w\" sizes=\"auto, (max-width: 584px) 100vw, 584px\" \/><\/a><br \/>\n\u00abPiel de selva\u00bb grafito sobre Canson, 42&#215;30 cm. 2013<\/p>\n<p><a href=\"https:\/\/antonioromoleroux.com\/wp-content\/uploads\/2022\/04\/Hija-de-lilith-grafito-sobre-canson-50x40-cm..jpg\"><img loading=\"lazy\" decoding=\"async\" src=\"https:\/\/antonioromoleroux.com\/wp-content\/uploads\/2022\/04\/Hija-de-lilith-grafito-sobre-canson-50x40-cm.-768x1024.jpg\" alt=\"\" width=\"584\" height=\"779\" class=\"aligncenter size-large wp-image-8920\" srcset=\"https:\/\/antonioromoleroux.com\/wp-content\/uploads\/2022\/04\/Hija-de-lilith-grafito-sobre-canson-50x40-cm.-768x1024.jpg 768w, https:\/\/antonioromoleroux.com\/wp-content\/uploads\/2022\/04\/Hija-de-lilith-grafito-sobre-canson-50x40-cm.-225x300.jpg 225w\" sizes=\"auto, (max-width: 584px) 100vw, 584px\" \/><\/a><br \/>\n\u00abPiel de selva\u00bb grafito sobre Canson, 42&#215;30 cm. 2013<\/p>\n<p><a href=\"https:\/\/antonioromoleroux.com\/wp-content\/uploads\/2022\/04\/15-copia.jpg\"><img loading=\"lazy\" decoding=\"async\" src=\"https:\/\/antonioromoleroux.com\/wp-content\/uploads\/2022\/04\/15-copia.jpg\" alt=\"\" width=\"998\" height=\"768\" class=\"aligncenter size-full wp-image-8922\" srcset=\"https:\/\/antonioromoleroux.com\/wp-content\/uploads\/2022\/04\/15-copia.jpg 998w, https:\/\/antonioromoleroux.com\/wp-content\/uploads\/2022\/04\/15-copia-300x231.jpg 300w, https:\/\/antonioromoleroux.com\/wp-content\/uploads\/2022\/04\/15-copia-768x591.jpg 768w, https:\/\/antonioromoleroux.com\/wp-content\/uploads\/2022\/04\/15-copia-390x300.jpg 390w\" sizes=\"auto, (max-width: 998px) 100vw, 998px\" \/><\/a><br \/>\n\u00abPiel de selva\u00bb grafito sobre Canson, 42&#215;30 cm. 2013<\/p>\n<p><a href=\"https:\/\/antonioromoleroux.com\/wp-content\/uploads\/2022\/04\/11-copia.jpg\"><img loading=\"lazy\" decoding=\"async\" src=\"https:\/\/antonioromoleroux.com\/wp-content\/uploads\/2022\/04\/11-copia-1024x768.jpg\" alt=\"\" width=\"584\" height=\"438\" class=\"aligncenter size-large wp-image-8924\" srcset=\"https:\/\/antonioromoleroux.com\/wp-content\/uploads\/2022\/04\/11-copia.jpg 1024w, https:\/\/antonioromoleroux.com\/wp-content\/uploads\/2022\/04\/11-copia-300x225.jpg 300w, https:\/\/antonioromoleroux.com\/wp-content\/uploads\/2022\/04\/11-copia-768x576.jpg 768w, https:\/\/antonioromoleroux.com\/wp-content\/uploads\/2022\/04\/11-copia-400x300.jpg 400w\" sizes=\"auto, (max-width: 584px) 100vw, 584px\" \/><\/a><br \/>\n\u00abPiel de selva\u00bb grafito sobre Canson, 42&#215;30 cm. 2013 <\/p>\n<p><a href=\"https:\/\/antonioromoleroux.com\/wp-content\/uploads\/2022\/04\/10-copia.jpg\"><img loading=\"lazy\" decoding=\"async\" src=\"https:\/\/antonioromoleroux.com\/wp-content\/uploads\/2022\/04\/10-copia-1024x768.jpg\" alt=\"\" width=\"584\" height=\"438\" class=\"aligncenter size-large wp-image-8926\" srcset=\"https:\/\/antonioromoleroux.com\/wp-content\/uploads\/2022\/04\/10-copia-1024x768.jpg 1024w, https:\/\/antonioromoleroux.com\/wp-content\/uploads\/2022\/04\/10-copia-300x225.jpg 300w, https:\/\/antonioromoleroux.com\/wp-content\/uploads\/2022\/04\/10-copia-768x576.jpg 768w, https:\/\/antonioromoleroux.com\/wp-content\/uploads\/2022\/04\/10-copia-400x300.jpg 400w\" sizes=\"auto, (max-width: 584px) 100vw, 584px\" \/><\/a><br \/>\n\u00abPiel de selva\u00bb grafito sobre Canson, 42&#215;30 cm. 2013<\/p>\n<p><a href=\"https:\/\/antonioromoleroux.com\/wp-content\/uploads\/2022\/08\/licai2.jpg\"><img loading=\"lazy\" decoding=\"async\" src=\"https:\/\/antonioromoleroux.com\/wp-content\/uploads\/2022\/08\/licai2-1024x768.jpg\" alt=\"\" width=\"584\" height=\"438\" class=\"aligncenter size-large wp-image-9358\" srcset=\"https:\/\/antonioromoleroux.com\/wp-content\/uploads\/2022\/08\/licai2-1024x768.jpg 1024w, https:\/\/antonioromoleroux.com\/wp-content\/uploads\/2022\/08\/licai2-300x225.jpg 300w, https:\/\/antonioromoleroux.com\/wp-content\/uploads\/2022\/08\/licai2-768x576.jpg 768w, https:\/\/antonioromoleroux.com\/wp-content\/uploads\/2022\/08\/licai2-400x300.jpg 400w\" sizes=\"auto, (max-width: 584px) 100vw, 584px\" \/><\/a><br \/>\n\u00abPiel de selva\u00bb grafito sobre Canson, 42&#215;30 cm. 2013<\/p>\n<p><a href=\"https:\/\/antonioromoleroux.com\/wp-content\/uploads\/2022\/08\/lircai.jpg\"><img loading=\"lazy\" decoding=\"async\" src=\"https:\/\/antonioromoleroux.com\/wp-content\/uploads\/2022\/08\/lircai-768x1024.jpg\" alt=\"\" width=\"584\" height=\"779\" class=\"aligncenter size-large wp-image-9359\" srcset=\"https:\/\/antonioromoleroux.com\/wp-content\/uploads\/2022\/08\/lircai-768x1024.jpg 768w, https:\/\/antonioromoleroux.com\/wp-content\/uploads\/2022\/08\/lircai-225x300.jpg 225w\" sizes=\"auto, (max-width: 584px) 100vw, 584px\" \/><\/a><br \/>\n\u00abPiel de selva\u00bb grafito sobre Canson, 42&#215;30 cm. 2013<\/p>\n<p><a href=\"https:\/\/antonioromoleroux.com\/wp-content\/uploads\/2024\/01\/2001-giros.jpg\"><img loading=\"lazy\" decoding=\"async\" src=\"https:\/\/antonioromoleroux.com\/wp-content\/uploads\/2024\/01\/2001-giros-1024x854.jpg\" alt=\"\" width=\"584\" height=\"487\" class=\"aligncenter size-large wp-image-9943\" srcset=\"https:\/\/antonioromoleroux.com\/wp-content\/uploads\/2024\/01\/2001-giros-1024x854.jpg 1024w, https:\/\/antonioromoleroux.com\/wp-content\/uploads\/2024\/01\/2001-giros-300x250.jpg 300w, https:\/\/antonioromoleroux.com\/wp-content\/uploads\/2024\/01\/2001-giros-768x640.jpg 768w, https:\/\/antonioromoleroux.com\/wp-content\/uploads\/2024\/01\/2001-giros-1536x1280.jpg 1536w, https:\/\/antonioromoleroux.com\/wp-content\/uploads\/2024\/01\/2001-giros-2048x1707.jpg 2048w, https:\/\/antonioromoleroux.com\/wp-content\/uploads\/2024\/01\/2001-giros-360x300.jpg 360w\" sizes=\"auto, (max-width: 584px) 100vw, 584px\" \/><\/a><br \/>\n\u00abGiros\u00bb \u00f3leo sobre lienzo, 70&#215;50 cm. 2000<\/p>\n<p><\/p>","protected":false},"excerpt":{"rendered":"<p>Actualmente la relaci\u00f3n arte y naturaleza es importante para la supervivencia del planeta, el ser humano forma parte de la naturaleza, en ese sentido, la supervivencia de los seres humanos, su salud f\u00edsica, mental y emocional depende de la responsabilidad con la que se relacionen con el medioambiente; debido a esto, esta serie re\u00fane retratos &hellip; <a href=\"https:\/\/antonioromoleroux.com\/es\/piel-de-selva\/\" class=\"more-link\">Seguir leyendo <span class=\"screen-reader-text\">Piel de selva<\/span> <span class=\"meta-nav\">&rarr;<\/span><\/a><\/p>\n","protected":false},"author":2,"featured_media":0,"parent":0,"menu_order":4,"comment_status":"open","ping_status":"open","template":"","meta":{"ngg_post_thumbnail":0,"footnotes":""},"class_list":["post-107","page","type-page","status-publish","hentry"],"_links":{"self":[{"href":"https:\/\/antonioromoleroux.com\/es\/wp-json\/wp\/v2\/pages\/107","targetHints":{"allow":["GET"]}}],"collection":[{"href":"https:\/\/antonioromoleroux.com\/es\/wp-json\/wp\/v2\/pages"}],"about":[{"href":"https:\/\/antonioromoleroux.com\/es\/wp-json\/wp\/v2\/types\/page"}],"author":[{"embeddable":true,"href":"https:\/\/antonioromoleroux.com\/es\/wp-json\/wp\/v2\/users\/2"}],"replies":[{"embeddable":true,"href":"https:\/\/antonioromoleroux.com\/es\/wp-json\/wp\/v2\/comments?post=107"}],"version-history":[{"count":270,"href":"https:\/\/antonioromoleroux.com\/es\/wp-json\/wp\/v2\/pages\/107\/revisions"}],"predecessor-version":[{"id":11290,"href":"https:\/\/antonioromoleroux.com\/es\/wp-json\/wp\/v2\/pages\/107\/revisions\/11290"}],"wp:attachment":[{"href":"https:\/\/antonioromoleroux.com\/es\/wp-json\/wp\/v2\/media?parent=107"}],"curies":[{"name":"wp","href":"https:\/\/api.w.org\/{rel}","templated":true}]}}